{"id":40118,"date":"2026-02-18T17:12:22","date_gmt":"2026-02-18T16:12:22","guid":{"rendered":"https:\/\/bernstein-network.de\/?page_id=40118"},"modified":"2026-02-24T15:13:16","modified_gmt":"2026-02-24T14:13:16","slug":"bernstein-node-paris","status":"publish","type":"page","link":"https:\/\/bernstein-network.de\/en\/network\/bernstein-nodes\/bernstein-node-paris\/","title":{"rendered":"Bernstein Node Paris"},"content":{"rendered":"<div id='av_section_1'  class='avia-section av-3m0avy-ba3004e6bfb486c0cef0e77c412ed282 main_color avia-section-default avia-no-border-styling  avia-builder-el-0  el_before_av_section  avia-builder-el-first  avia-bg-style-scroll container_wrap fullsize'  ><div class='container av-section-cont-open' ><main  class='template-page content  av-content-full alpha units'><div class='post-entry post-entry-type-page post-entry-40118'><div class='entry-content-wrapper clearfix'>\n\n<style type=\"text\/css\" data-created_by=\"avia_inline_auto\" id=\"style-css-av-3fhfn2-a4e9d854292d8a6e2de0106f12133b20\">\n.flex_column.av-3fhfn2-a4e9d854292d8a6e2de0106f12133b20{\nborder-radius:0px 0px 0px 0px;\npadding:0px 0px 0px 0px;\n}\n<\/style>\n<div  class='flex_column av-3fhfn2-a4e9d854292d8a6e2de0106f12133b20 av_one_full  avia-builder-el-1  el_before_av_three_fifth  avia-builder-el-first  first flex_column_div av-zero-column-padding  '     ><p>\n<style type=\"text\/css\" data-created_by=\"avia_inline_auto\" id=\"style-css-av-327gl4-3c93f1626e32a7d55809ff006e89323b\">\n#top .av-special-heading.av-327gl4-3c93f1626e32a7d55809ff006e89323b{\npadding-bottom:10px;\n}\nbody .av-special-heading.av-327gl4-3c93f1626e32a7d55809ff006e89323b .av-special-heading-tag .heading-char{\nfont-size:25px;\n}\n.av-special-heading.av-327gl4-3c93f1626e32a7d55809ff006e89323b .av-subheading{\nfont-size:15px;\n}\n<\/style>\n<div  class='av-special-heading av-327gl4-3c93f1626e32a7d55809ff006e89323b av-special-heading-h1 blockquote modern-quote  avia-builder-el-2  el_before_av_hr  avia-builder-el-first '><h1 class='av-special-heading-tag '  >Bernstein Node Paris<\/h1><div class=\"special-heading-border\"><div class=\"special-heading-inner-border\"><\/div><\/div><\/div><br \/>\n\n<style type=\"text\/css\" data-created_by=\"avia_inline_auto\" id=\"style-css-av-khnqxmhr-f005f3883bc28340180a25d2f926af5c\">\n#top .hr.av-khnqxmhr-f005f3883bc28340180a25d2f926af5c{\nmargin-top:0px;\nmargin-bottom:30px;\n}\n.hr.av-khnqxmhr-f005f3883bc28340180a25d2f926af5c .hr-inner{\nwidth:60px;\nborder-color:#004c93;\n}\n<\/style>\n<div  class='hr av-khnqxmhr-f005f3883bc28340180a25d2f926af5c hr-custom  avia-builder-el-3  el_after_av_heading  avia-builder-el-last  hr-left hr-icon-no'><span class='hr-inner inner-border-av-border-fat'><span class=\"hr-inner-style\"><\/span><\/span><\/div><\/p><\/div>\n<style type=\"text\/css\" data-created_by=\"avia_inline_auto\" id=\"style-css-av-37buyu-7e454dbe0c398e5d03f8ad3bbcbda56a\">\n.flex_column.av-37buyu-7e454dbe0c398e5d03f8ad3bbcbda56a{\nborder-radius:0px 0px 0px 0px;\npadding:0px 0px 0px 0px;\n}\n<\/style>\n<div  class='flex_column av-37buyu-7e454dbe0c398e5d03f8ad3bbcbda56a av_three_fifth  avia-builder-el-4  el_after_av_one_full  el_before_av_two_fifth  first flex_column_div av-zero-column-padding  column-top-margin'     ><section  class='av_textblock_section av-kd4n3qmj-1d6850b28f407a9874199cebda267a84 '  ><div class='avia_textblock' ><p>The <strong>Bernstein Node Paris<\/strong> was founded in 2026 to bring together members of the Bernstein Network based in the region.<\/p>\n<p>Paris hosts numerous neuroscience institutes and research centers exploring the mysteries of the brain, from the molecular to the cognitive level. This vibrant research landscape has fostered a growing community of computational neuroscientists working across institutions. The founding members of the Parisian Node include researchers from \u00c9cole Normale Sup\u00e9rieure, Sorbonne University, the Neuromodulation Institute, and NeuroSpin at the Fr\u00e9d\u00e9ric Joliot Institute for Life Sciences.<\/p>\n<p>The Bernstein Node Paris aims to enhance the visibility of the computational neuroscience community in Paris and deepen its connections to the Bernstein Network. One of its central missions is to promote exchange and collaborations across the broader network through a range of coordinated activities.<\/p>\n<p>Paris offers high-quality graduate programs in neuroscience with strong training in computational approaches. Through the Bernstein Node, the city aims to attract more international students and early-career researchers for internships and interdisciplinary projects, thereby fostering scientific exchange across borders.<\/p>\n<p>The Bernstein Node Paris welcomes new members. Anyone interested can contact the scientific coordinator.<\/p>\n<p><strong>Founding members<\/strong><\/p>\n<ul>\n<li>Claire Meissner-Bernard (Sorbonne Universit\u00e9)<\/li>\n<li>Joao Barbosa (Neuromodulation Institute &amp; NeuroSpin)<\/li>\n<li>Alex Cayco Gajic (Ecole Normale Sup\u00e9rieure, Paris Sciences Lettres)<\/li>\n<li>Boris Gutkin (Ecole Normale Sup\u00e9rieure, Paris Sciences Lettres)<\/li>\n<li>Srdjan Ostojic (Ecole Normale Sup\u00e9rieure, Paris Sciences Lettres)<\/li>\n<\/ul>\n<\/div><\/section><\/div>\n<style type=\"text\/css\" data-created_by=\"avia_inline_auto\" id=\"style-css-av-37buyu-3-f2097cbcb8558ee8800613217a047edd\">\n.flex_column.av-37buyu-3-f2097cbcb8558ee8800613217a047edd{\nborder-radius:0px 0px 0px 0px;\npadding:0px 0px 0px 0px;\n}\n<\/style>\n<div  class='flex_column av-37buyu-3-f2097cbcb8558ee8800613217a047edd av_two_fifth  avia-builder-el-6  el_after_av_three_fifth  avia-builder-el-last  flex_column_div av-zero-column-padding  column-top-margin'     ><p>\n<style type=\"text\/css\" data-created_by=\"avia_inline_auto\" id=\"style-css-av-260wyc-1b39ada0f8dbf2323b2155407564d819\">\n.avia-image-container.av-260wyc-1b39ada0f8dbf2323b2155407564d819 img.avia_image{\nbox-shadow:none;\n}\n.avia-image-container.av-260wyc-1b39ada0f8dbf2323b2155407564d819 .av-image-caption-overlay-center{\ncolor:#ffffff;\n}\n<\/style>\n<div  class='avia-image-container av-260wyc-1b39ada0f8dbf2323b2155407564d819 av-styling-no-styling avia-align-center  avia-builder-el-7  el_before_av_image  avia-builder-el-first '  ><div class=\"avia-image-container-inner\"><div class=\"avia-image-overlay-wrap\"><img decoding=\"async\" fetchpriority=\"high\" class='wp-image-40121 avia-img-lazy-loading-not-40121 avia_image ' src=\"https:\/\/bernstein-network.de\/wp-content\/uploads\/2026\/02\/Paris_Node_image.png\" alt='' title='Paris_Node_image'  height=\"438\" width=\"564\" srcset=\"https:\/\/bernstein-network.de\/wp-content\/uploads\/2026\/02\/Paris_Node_image.png 564w, https:\/\/bernstein-network.de\/wp-content\/uploads\/2026\/02\/Paris_Node_image-300x233.png 300w\" sizes=\"(max-width: 564px) 100vw, 564px\" \/><\/div><\/div><\/div><br \/>\n<\/p><\/div><\/div><\/div><\/main><!-- close content main element --><\/div><\/div><div id='bernstein-conference'  class='avia-section av-17qujn-e43df4d15f0a052fabe1b5fea4db469b alternate_color avia-section-large avia-no-border-styling  avia-builder-el-9  el_after_av_section  avia-builder-el-last  avia-bg-style-scroll container_wrap fullsize'  ><div class='container av-section-cont-open' ><div class='template-page content  av-content-full alpha units'><div class='post-entry post-entry-type-page post-entry-40118'><div class='entry-content-wrapper clearfix'>\n\n<style type=\"text\/css\" data-created_by=\"avia_inline_auto\" id=\"style-css-av-13pc4b-11f2e811b389e9670bbd27d526db4316\">\n.flex_column.av-13pc4b-11f2e811b389e9670bbd27d526db4316{\nborder-radius:0px 0px 0px 0px;\npadding:0px 0px 0px 0px;\n}\n<\/style>\n<div  class='flex_column av-13pc4b-11f2e811b389e9670bbd27d526db4316 av_one_half  avia-builder-el-10  el_before_av_one_half  avia-builder-el-first  first flex_column_div av-zero-column-padding  '     ><p>\n<style type=\"text\/css\" data-created_by=\"avia_inline_auto\" id=\"style-css-av-kpcfycpb-9dbcd31e561d7a107d89230dde50d93c\">\n#top .av-special-heading.av-kpcfycpb-9dbcd31e561d7a107d89230dde50d93c{\npadding-bottom:10px;\n}\nbody .av-special-heading.av-kpcfycpb-9dbcd31e561d7a107d89230dde50d93c .av-special-heading-tag .heading-char{\nfont-size:25px;\n}\n.av-special-heading.av-kpcfycpb-9dbcd31e561d7a107d89230dde50d93c .av-subheading{\nfont-size:15px;\n}\n<\/style>\n<div  class='av-special-heading av-kpcfycpb-9dbcd31e561d7a107d89230dde50d93c av-special-heading-h3 blockquote modern-quote  avia-builder-el-11  el_before_av_textblock  avia-builder-el-first '><h3 class='av-special-heading-tag '  >Scientific coordinator<\/h3><div class=\"special-heading-border\"><div class=\"special-heading-inner-border\"><\/div><\/div><\/div><br \/>\n<section  class='av_textblock_section av-kd0arlij-fc54f29b519901f61f4c411404f241df '  ><div class='avia_textblock' ><p><strong>Dr. Claire Meissner-Bernard<\/strong><br \/>Centre de Neurosciences de Sorbonne Universit\u00e9 (NeuroSU)<br \/>UMR CNRS 8265 Inserm 1341<br \/>Site du Fer \u00e0 Moulin<br \/>17 rue du Fer \u00e0 Moulin<br \/>75005 Paris<br \/>France<br \/>Email: <u>claire.meissner-bernard@inserm.fr<\/u><\/p>\n<\/div><\/section><\/p><\/div>\n<style type=\"text\/css\" data-created_by=\"avia_inline_auto\" id=\"style-css-av-13pc4b-2-1b0474cc5d2c2d501efaaba1bb2d235c\">\n.flex_column.av-13pc4b-2-1b0474cc5d2c2d501efaaba1bb2d235c{\nborder-radius:0px 0px 0px 0px;\npadding:0px 0px 0px 0px;\n}\n<\/style>\n<div  class='flex_column av-13pc4b-2-1b0474cc5d2c2d501efaaba1bb2d235c av_one_half  avia-builder-el-13  el_after_av_one_half  avia-builder-el-last  flex_column_div av-zero-column-padding  '     ><p>\n<style type=\"text\/css\" data-created_by=\"avia_inline_auto\" id=\"style-css-av-kpcfyfc1-c166f33d932b992012d087479d18d843\">\n#top .av-special-heading.av-kpcfyfc1-c166f33d932b992012d087479d18d843{\npadding-bottom:10px;\n}\nbody .av-special-heading.av-kpcfyfc1-c166f33d932b992012d087479d18d843 .av-special-heading-tag .heading-char{\nfont-size:25px;\n}\n.av-special-heading.av-kpcfyfc1-c166f33d932b992012d087479d18d843 .av-subheading{\nfont-size:15px;\n}\n<\/style>\n<div  class='av-special-heading av-kpcfyfc1-c166f33d932b992012d087479d18d843 av-special-heading-h3 blockquote modern-quote  avia-builder-el-14  el_before_av_textblock  avia-builder-el-first '><h3 class='av-special-heading-tag '  >Additional contact<\/h3><div class=\"special-heading-border\"><div class=\"special-heading-inner-border\"><\/div><\/div><\/div><br \/>\n<section  class='av_textblock_section av-kd0arlij-1-c90a7a48b7e146aad9c36352bba6e9be '  ><div class='avia_textblock' ><p><strong>Dr. Joao Barbosa<\/strong><br \/>Neuromodulation Institute \/ NeuroSpin<br \/>12 Rue Cabanis<br \/>75014 Paris<br \/>France<br \/>Email: <u>palerma@gmail.com<\/u><\/p>\n<\/div><\/section><\/p><\/div>\n<\/p>\n","protected":false},"excerpt":{"rendered":"","protected":false},"author":17,"featured_media":0,"parent":31406,"menu_order":0,"comment_status":"closed","ping_status":"closed","template":"","meta":{"footnotes":""},"class_list":["post-40118","page","type-page","status-publish","hentry"],"yoast_head":"<!-- This site is optimized with the Yoast SEO plugin v25.9 - https:\/\/yoast.com\/wordpress\/plugins\/seo\/ -->\n<title>Bernstein Node Paris &#8211; Bernstein Network Computational Neuroscience<\/title>\n<meta name=\"robots\" content=\"index, follow, max-snippet:-1, max-image-preview:large, max-video-preview:-1\" \/>\n<link rel=\"canonical\" href=\"https:\/\/bernstein-network.de\/en\/network\/bernstein-nodes\/bernstein-node-paris\/\" \/>\n<meta property=\"og:locale\" content=\"en_US\" \/>\n<meta property=\"og:type\" content=\"article\" \/>\n<meta property=\"og:title\" content=\"Bernstein Node Paris &#8211; Bernstein Network Computational Neuroscience\" \/>\n<meta property=\"og:url\" content=\"https:\/\/bernstein-network.de\/en\/network\/bernstein-nodes\/bernstein-node-paris\/\" \/>\n<meta property=\"og:site_name\" content=\"Bernstein Network Computational Neuroscience\" \/>\n<meta property=\"article:modified_time\" content=\"2026-02-24T14:13:16+00:00\" \/>\n<meta name=\"twitter:card\" content=\"summary_large_image\" \/>\n<meta name=\"twitter:label1\" content=\"Est. reading time\" \/>\n\t<meta name=\"twitter:data1\" content=\"14 minutes\" \/>\n<script type=\"application\/ld+json\" class=\"yoast-schema-graph\">{\"@context\":\"https:\/\/schema.org\",\"@graph\":[{\"@type\":\"WebPage\",\"@id\":\"https:\/\/bernstein-network.de\/en\/network\/bernstein-nodes\/bernstein-node-paris\/\",\"url\":\"https:\/\/bernstein-network.de\/en\/network\/bernstein-nodes\/bernstein-node-paris\/\",\"name\":\"Bernstein Node Paris &#8211; Bernstein Network Computational Neuroscience\",\"isPartOf\":{\"@id\":\"https:\/\/bernstein-network.de\/en\/#website\"},\"datePublished\":\"2026-02-18T16:12:22+00:00\",\"dateModified\":\"2026-02-24T14:13:16+00:00\",\"breadcrumb\":{\"@id\":\"https:\/\/bernstein-network.de\/en\/network\/bernstein-nodes\/bernstein-node-paris\/#breadcrumb\"},\"inLanguage\":\"en-US\",\"potentialAction\":[{\"@type\":\"ReadAction\",\"target\":[\"https:\/\/bernstein-network.de\/en\/network\/bernstein-nodes\/bernstein-node-paris\/\"]}]},{\"@type\":\"BreadcrumbList\",\"@id\":\"https:\/\/bernstein-network.de\/en\/network\/bernstein-nodes\/bernstein-node-paris\/#breadcrumb\",\"itemListElement\":[{\"@type\":\"ListItem\",\"position\":1,\"name\":\"Home\",\"item\":\"https:\/\/bernstein-network.de\/en\/home\/\"},{\"@type\":\"ListItem\",\"position\":2,\"name\":\"The Bernstein Network\",\"item\":\"https:\/\/bernstein-network.de\/en\/network\/\"},{\"@type\":\"ListItem\",\"position\":3,\"name\":\"Bernstein Nodes\",\"item\":\"https:\/\/bernstein-network.de\/en\/netzwerk\/bernstein-nodes\/\"},{\"@type\":\"ListItem\",\"position\":4,\"name\":\"Bernstein Node Paris\"}]},{\"@type\":\"WebSite\",\"@id\":\"https:\/\/bernstein-network.de\/en\/#website\",\"url\":\"https:\/\/bernstein-network.de\/en\/\",\"name\":\"Bernstein Network Computational Neuroscience\",\"description\":\"\",\"potentialAction\":[{\"@type\":\"SearchAction\",\"target\":{\"@type\":\"EntryPoint\",\"urlTemplate\":\"https:\/\/bernstein-network.de\/en\/?s={search_term_string}\"},\"query-input\":{\"@type\":\"PropertyValueSpecification\",\"valueRequired\":true,\"valueName\":\"search_term_string\"}}],\"inLanguage\":\"en-US\"}]}<\/script>\n<!-- \/ Yoast SEO plugin. -->","yoast_head_json":{"title":"Bernstein Node Paris &#8211; Bernstein Network Computational Neuroscience","robots":{"index":"index","follow":"follow","max-snippet":"max-snippet:-1","max-image-preview":"max-image-preview:large","max-video-preview":"max-video-preview:-1"},"canonical":"https:\/\/bernstein-network.de\/en\/network\/bernstein-nodes\/bernstein-node-paris\/","og_locale":"en_US","og_type":"article","og_title":"Bernstein Node Paris &#8211; Bernstein Network Computational Neuroscience","og_url":"https:\/\/bernstein-network.de\/en\/network\/bernstein-nodes\/bernstein-node-paris\/","og_site_name":"Bernstein Network Computational Neuroscience","article_modified_time":"2026-02-24T14:13:16+00:00","twitter_card":"summary_large_image","twitter_misc":{"Est. reading time":"14 minutes"},"schema":{"@context":"https:\/\/schema.org","@graph":[{"@type":"WebPage","@id":"https:\/\/bernstein-network.de\/en\/network\/bernstein-nodes\/bernstein-node-paris\/","url":"https:\/\/bernstein-network.de\/en\/network\/bernstein-nodes\/bernstein-node-paris\/","name":"Bernstein Node Paris &#8211; Bernstein Network Computational Neuroscience","isPartOf":{"@id":"https:\/\/bernstein-network.de\/en\/#website"},"datePublished":"2026-02-18T16:12:22+00:00","dateModified":"2026-02-24T14:13:16+00:00","breadcrumb":{"@id":"https:\/\/bernstein-network.de\/en\/network\/bernstein-nodes\/bernstein-node-paris\/#breadcrumb"},"inLanguage":"en-US","potentialAction":[{"@type":"ReadAction","target":["https:\/\/bernstein-network.de\/en\/network\/bernstein-nodes\/bernstein-node-paris\/"]}]},{"@type":"BreadcrumbList","@id":"https:\/\/bernstein-network.de\/en\/network\/bernstein-nodes\/bernstein-node-paris\/#breadcrumb","itemListElement":[{"@type":"ListItem","position":1,"name":"Home","item":"https:\/\/bernstein-network.de\/en\/home\/"},{"@type":"ListItem","position":2,"name":"The Bernstein Network","item":"https:\/\/bernstein-network.de\/en\/network\/"},{"@type":"ListItem","position":3,"name":"Bernstein Nodes","item":"https:\/\/bernstein-network.de\/en\/netzwerk\/bernstein-nodes\/"},{"@type":"ListItem","position":4,"name":"Bernstein Node Paris"}]},{"@type":"WebSite","@id":"https:\/\/bernstein-network.de\/en\/#website","url":"https:\/\/bernstein-network.de\/en\/","name":"Bernstein Network Computational Neuroscience","description":"","potentialAction":[{"@type":"SearchAction","target":{"@type":"EntryPoint","urlTemplate":"https:\/\/bernstein-network.de\/en\/?s={search_term_string}"},"query-input":{"@type":"PropertyValueSpecification","valueRequired":true,"valueName":"search_term_string"}}],"inLanguage":"en-US"}]}},"_links":{"self":[{"href":"https:\/\/bernstein-network.de\/en\/wp-json\/wp\/v2\/pages\/40118","targetHints":{"allow":["GET"]}}],"collection":[{"href":"https:\/\/bernstein-network.de\/en\/wp-json\/wp\/v2\/pages"}],"about":[{"href":"https:\/\/bernstein-network.de\/en\/wp-json\/wp\/v2\/types\/page"}],"author":[{"embeddable":true,"href":"https:\/\/bernstein-network.de\/en\/wp-json\/wp\/v2\/users\/17"}],"replies":[{"embeddable":true,"href":"https:\/\/bernstein-network.de\/en\/wp-json\/wp\/v2\/comments?post=40118"}],"version-history":[{"count":17,"href":"https:\/\/bernstein-network.de\/en\/wp-json\/wp\/v2\/pages\/40118\/revisions"}],"predecessor-version":[{"id":40841,"href":"https:\/\/bernstein-network.de\/en\/wp-json\/wp\/v2\/pages\/40118\/revisions\/40841"}],"up":[{"embeddable":true,"href":"https:\/\/bernstein-network.de\/en\/wp-json\/wp\/v2\/pages\/31406"}],"wp:attachment":[{"href":"https:\/\/bernstein-network.de\/en\/wp-json\/wp\/v2\/media?parent=40118"}],"curies":[{"name":"wp","href":"https:\/\/api.w.org\/{rel}","templated":true}]}}