{"id":5851,"date":"2021-03-02T09:22:07","date_gmt":"2021-03-02T08:22:07","guid":{"rendered":"http:\/\/bernstein.mylapo.de\/the-bernstein-network\/bernstein-centers\/berlin\/"},"modified":"2024-12-04T16:27:46","modified_gmt":"2024-12-04T15:27:46","slug":"berlin","status":"publish","type":"page","link":"https:\/\/bernstein-network.de\/en\/network\/bernstein-centers\/berlin\/","title":{"rendered":"Berlin"},"content":{"rendered":"<div id='av_section_1'  class='avia-section av-3m0avy-ba3004e6bfb486c0cef0e77c412ed282 main_color avia-section-default avia-no-border-styling  avia-builder-el-0  el_before_av_section  avia-builder-el-first  avia-bg-style-scroll container_wrap fullsize'  ><div class='container av-section-cont-open' ><main  class='template-page content  av-content-full alpha units'><div class='post-entry post-entry-type-page post-entry-5851'><div class='entry-content-wrapper clearfix'>\n\n<style type=\"text\/css\" data-created_by=\"avia_inline_auto\" id=\"style-css-av-3fhfn2-a4e9d854292d8a6e2de0106f12133b20\">\n.flex_column.av-3fhfn2-a4e9d854292d8a6e2de0106f12133b20{\nborder-radius:0px 0px 0px 0px;\npadding:0px 0px 0px 0px;\n}\n<\/style>\n<div  class='flex_column av-3fhfn2-a4e9d854292d8a6e2de0106f12133b20 av_one_full  avia-builder-el-1  el_before_av_three_fifth  avia-builder-el-first  first flex_column_div av-zero-column-padding  '     ><p>\n<style type=\"text\/css\" data-created_by=\"avia_inline_auto\" id=\"style-css-av-327gl4-0470f731188e9af6783f1edbe4e412dc\">\n#top .av-special-heading.av-327gl4-0470f731188e9af6783f1edbe4e412dc{\npadding-bottom:10px;\n}\nbody .av-special-heading.av-327gl4-0470f731188e9af6783f1edbe4e412dc .av-special-heading-tag .heading-char{\nfont-size:25px;\n}\n.av-special-heading.av-327gl4-0470f731188e9af6783f1edbe4e412dc .av-subheading{\nfont-size:15px;\n}\n<\/style>\n<div  class='av-special-heading av-327gl4-0470f731188e9af6783f1edbe4e412dc av-special-heading-h1 blockquote modern-quote  avia-builder-el-2  el_before_av_hr  avia-builder-el-first '><h1 class='av-special-heading-tag '  >Bernstein Center for Computational Neuroscience Berlin<\/h1><div class=\"special-heading-border\"><div class=\"special-heading-inner-border\"><\/div><\/div><\/div><br \/>\n\n<style type=\"text\/css\" data-created_by=\"avia_inline_auto\" id=\"style-css-av-khnqxmhr-f005f3883bc28340180a25d2f926af5c\">\n#top .hr.av-khnqxmhr-f005f3883bc28340180a25d2f926af5c{\nmargin-top:0px;\nmargin-bottom:30px;\n}\n.hr.av-khnqxmhr-f005f3883bc28340180a25d2f926af5c .hr-inner{\nwidth:60px;\nborder-color:#004c93;\n}\n<\/style>\n<div  class='hr av-khnqxmhr-f005f3883bc28340180a25d2f926af5c hr-custom  avia-builder-el-3  el_after_av_heading  avia-builder-el-last  hr-left hr-icon-no'><span class='hr-inner inner-border-av-border-fat'><span class=\"hr-inner-style\"><\/span><\/span><\/div><\/p><\/div>\n<style type=\"text\/css\" data-created_by=\"avia_inline_auto\" id=\"style-css-av-37buyu-7e454dbe0c398e5d03f8ad3bbcbda56a\">\n.flex_column.av-37buyu-7e454dbe0c398e5d03f8ad3bbcbda56a{\nborder-radius:0px 0px 0px 0px;\npadding:0px 0px 0px 0px;\n}\n<\/style>\n<div  class='flex_column av-37buyu-7e454dbe0c398e5d03f8ad3bbcbda56a av_three_fifth  avia-builder-el-4  el_after_av_one_full  el_before_av_two_fifth  first flex_column_div av-zero-column-padding  column-top-margin'     ><p><section  class='av_textblock_section av-kd4n3qmj-d4300ddf304979d2676885ae5bbd2a13 '  ><div class='avia_textblock' ><p>The Bernstein Center for Computational Neuroscience Berlin (BCCN Berlin) was founded in 2004 and addresses challenging questions in computational neuroscience with the goal of bridging experimental scales from single synapses, single neurons, small networks to neural systems and whole brains.<\/p>\n<p>Since 2016, it exists as a joint research center of the Charit\u00e9, Humboldt-Universit\u00e4t zu Berlin, and Technische Universit\u00e4t Berlin and is supported by the &#8220;Interdisciplinary Center Computational Neuroscience&#8221; (ICCN) of Humboldt-Universit\u00e4t zu Berlin.<\/p>\n<p>From the beginning, the promotion of young researchers has been a main concern of the BCCN Berlin. Thus, in 2006, the BCCN Berlin created the international and interdisciplinary Master and PhD Program Computational Neuroscience. With these graduate programs, the Center fosters the development of new generations of scientists who have been trained in state-of-the-art mathematical and computational neuroscientific methodologies, across experimental scales, with applications to basic and clinical neuroscientific research.<\/p>\n<\/div><\/section><br \/>\n\n<style type=\"text\/css\" data-created_by=\"avia_inline_auto\" id=\"style-css-av-ko9r9vwf-8312ebb504e6b73d726a2b03adb73ca0\">\n#top .hr.hr-invisible.av-ko9r9vwf-8312ebb504e6b73d726a2b03adb73ca0{\nheight:25px;\n}\n<\/style>\n<div  class='hr av-ko9r9vwf-8312ebb504e6b73d726a2b03adb73ca0 hr-invisible  avia-builder-el-6  el_after_av_textblock  el_before_av_button '><span class='hr-inner '><span class=\"hr-inner-style\"><\/span><\/span><\/div><br \/>\n<div  class='avia-button-wrap av-khp3rft8-fac8e9097079b2b5034c2d676b17c4a4-wrap avia-button-left  avia-builder-el-7  el_after_av_hr  avia-builder-el-last '><a href='https:\/\/www.bccn-berlin.de\/'  class='avia-button av-khp3rft8-fac8e9097079b2b5034c2d676b17c4a4 av-link-btn avia-icon_select-no avia-size-large avia-position-left avia-color-theme-color'  target=\"_blank\"  rel=\"noopener noreferrer\"  aria-label=\"Website of the Bernstein Center\"><span class='avia_iconbox_title' >Website of the Bernstein Center<\/span><\/a><\/div><\/p><\/div>\n<style type=\"text\/css\" data-created_by=\"avia_inline_auto\" id=\"style-css-av-37buyu-3-f2097cbcb8558ee8800613217a047edd\">\n.flex_column.av-37buyu-3-f2097cbcb8558ee8800613217a047edd{\nborder-radius:0px 0px 0px 0px;\npadding:0px 0px 0px 0px;\n}\n<\/style>\n<div  class='flex_column av-37buyu-3-f2097cbcb8558ee8800613217a047edd av_two_fifth  avia-builder-el-8  el_after_av_three_fifth  avia-builder-el-last  flex_column_div av-zero-column-padding  column-top-margin'     ><p>\n<style type=\"text\/css\" data-created_by=\"avia_inline_auto\" id=\"style-css-av-260wyc-45a743de06a4ebd16cc028167c2e3582\">\n.avia-image-container.av-260wyc-45a743de06a4ebd16cc028167c2e3582 img.avia_image{\nbox-shadow:none;\n}\n.avia-image-container.av-260wyc-45a743de06a4ebd16cc028167c2e3582 .av-image-caption-overlay-center{\ncolor:#ffffff;\n}\n<\/style>\n<div  class='avia-image-container av-260wyc-45a743de06a4ebd16cc028167c2e3582 av-styling-no-styling avia-align-center  avia-builder-el-9  el_before_av_image  avia-builder-el-first  av-has-copyright av-copyright-always'  ><div class=\"avia-image-container-inner\"><div class=\"avia-image-overlay-wrap\"><img decoding=\"async\" fetchpriority=\"high\" class='wp-image-8265 avia-img-lazy-loading-not-8265 avia_image ' src=\"https:\/\/bernstein-network.de\/wp-content\/uploads\/2021\/05\/BCCN_Berlin.jpg\" alt='' title='BCCN Berlin'  height=\"853\" width=\"1280\" srcset=\"https:\/\/bernstein-network.de\/wp-content\/uploads\/2021\/05\/BCCN_Berlin.jpg 1280w, https:\/\/bernstein-network.de\/wp-content\/uploads\/2021\/05\/BCCN_Berlin-300x200.jpg 300w, https:\/\/bernstein-network.de\/wp-content\/uploads\/2021\/05\/BCCN_Berlin-1030x686.jpg 1030w, https:\/\/bernstein-network.de\/wp-content\/uploads\/2021\/05\/BCCN_Berlin-768x512.jpg 768w, https:\/\/bernstein-network.de\/wp-content\/uploads\/2021\/05\/BCCN_Berlin-705x470.jpg 705w\" sizes=\"(max-width: 1280px) 100vw, 1280px\" \/><\/div><small class=\"avia-copyright\">\u00a9 Margret Franke <\/small><\/div><\/div><br \/>\n<\/p><\/div>\n\n<\/div><\/div><\/main><!-- close content main element --><\/div><\/div><div id='bernstein-conference'  class='avia-section av-17qujn-e43df4d15f0a052fabe1b5fea4db469b alternate_color avia-section-large avia-no-border-styling  avia-builder-el-11  el_after_av_section  avia-builder-el-last  avia-bg-style-scroll container_wrap fullsize'  ><div class='container av-section-cont-open' ><div class='template-page content  av-content-full alpha units'><div class='post-entry post-entry-type-page post-entry-5851'><div class='entry-content-wrapper clearfix'>\n\n<style type=\"text\/css\" data-created_by=\"avia_inline_auto\" id=\"style-css-av-13pc4b-11f2e811b389e9670bbd27d526db4316\">\n.flex_column.av-13pc4b-11f2e811b389e9670bbd27d526db4316{\nborder-radius:0px 0px 0px 0px;\npadding:0px 0px 0px 0px;\n}\n<\/style>\n<div  class='flex_column av-13pc4b-11f2e811b389e9670bbd27d526db4316 av_one_half  avia-builder-el-12  el_before_av_one_half  avia-builder-el-first  first flex_column_div av-zero-column-padding  '     ><p>\n<style type=\"text\/css\" data-created_by=\"avia_inline_auto\" id=\"style-css-av-kpcfycpb-ef25e92a3bf5ba48ebc9cb6354a15063\">\n#top .av-special-heading.av-kpcfycpb-ef25e92a3bf5ba48ebc9cb6354a15063{\npadding-bottom:10px;\n}\nbody .av-special-heading.av-kpcfycpb-ef25e92a3bf5ba48ebc9cb6354a15063 .av-special-heading-tag .heading-char{\nfont-size:25px;\n}\n.av-special-heading.av-kpcfycpb-ef25e92a3bf5ba48ebc9cb6354a15063 .av-subheading{\nfont-size:15px;\n}\n<\/style>\n<div  class='av-special-heading av-kpcfycpb-ef25e92a3bf5ba48ebc9cb6354a15063 av-special-heading-h3 blockquote modern-quote  avia-builder-el-13  el_before_av_textblock  avia-builder-el-first '><h3 class='av-special-heading-tag '  >Director<\/h3><div class=\"special-heading-border\"><div class=\"special-heading-inner-border\"><\/div><\/div><\/div><br \/>\n<section  class='av_textblock_section av-kd0arlij-10bd5d6cb4509b9fee2b7124d30412ff '  ><div class='avia_textblock' ><p>Prof. Dr. Michael Brecht<br \/>\nBernstein Center for Computational Neuroscience<br \/>\nHumboldt-Universit\u00e4t zu Berlin<br \/>\nPhilippstr. 13, Haus 6<br \/>\n10115 Berlin<\/p>\n<\/div><\/section><\/p><\/div>\n<style type=\"text\/css\" data-created_by=\"avia_inline_auto\" id=\"style-css-av-13pc4b-2-1b0474cc5d2c2d501efaaba1bb2d235c\">\n.flex_column.av-13pc4b-2-1b0474cc5d2c2d501efaaba1bb2d235c{\nborder-radius:0px 0px 0px 0px;\npadding:0px 0px 0px 0px;\n}\n<\/style>\n<div  class='flex_column av-13pc4b-2-1b0474cc5d2c2d501efaaba1bb2d235c av_one_half  avia-builder-el-15  el_after_av_one_half  avia-builder-el-last  flex_column_div av-zero-column-padding  '     ><p>\n<style type=\"text\/css\" data-created_by=\"avia_inline_auto\" id=\"style-css-av-kpcfyfc1-3955bf16f852a457d80d161616b95ce4\">\n#top .av-special-heading.av-kpcfyfc1-3955bf16f852a457d80d161616b95ce4{\npadding-bottom:10px;\n}\nbody .av-special-heading.av-kpcfyfc1-3955bf16f852a457d80d161616b95ce4 .av-special-heading-tag .heading-char{\nfont-size:25px;\n}\n.av-special-heading.av-kpcfyfc1-3955bf16f852a457d80d161616b95ce4 .av-subheading{\nfont-size:15px;\n}\n<\/style>\n<div  class='av-special-heading av-kpcfyfc1-3955bf16f852a457d80d161616b95ce4 av-special-heading-h3 blockquote modern-quote  avia-builder-el-16  el_before_av_textblock  avia-builder-el-first '><h3 class='av-special-heading-tag '  >Managing Director<\/h3><div class=\"special-heading-border\"><div class=\"special-heading-inner-border\"><\/div><\/div><\/div><br \/>\n<section  class='av_textblock_section av-kd0arlij-1-d9be3c2eff82f86ec427228c51663e01 '  ><div class='avia_textblock' ><p>Dr. Lisa Rosenblum<br \/>\nBernstein Center for Computational Neuroscience<br \/>\nHumboldt-Universit\u00e4t zu Berlin<br \/>\nPhilippstr. 13, Haus 6<br \/>\n10115 Berlin<br \/>\n+49 30 2093-9110<br \/>\n+49 30 2093-6771<br \/>\n<a href=\"mailto:info@bccn-berlin.de\">info@bccn-berlin.de<\/a><\/p>\n<\/div><\/section><\/p><\/div>\n","protected":false},"excerpt":{"rendered":"","protected":false},"author":1,"featured_media":0,"parent":3137,"menu_order":0,"comment_status":"closed","ping_status":"closed","template":"","meta":{"footnotes":""},"class_list":["post-5851","page","type-page","status-publish","hentry"],"yoast_head":"<!-- This site is optimized with the Yoast SEO plugin v25.9 - https:\/\/yoast.com\/wordpress\/plugins\/seo\/ -->\n<title>Berlin &#8211; Bernstein Network Computational Neuroscience<\/title>\n<meta name=\"robots\" content=\"index, follow, max-snippet:-1, max-image-preview:large, max-video-preview:-1\" \/>\n<link rel=\"canonical\" href=\"https:\/\/bernstein-network.de\/en\/network\/bernstein-centers\/berlin\/\" \/>\n<meta property=\"og:locale\" content=\"en_US\" \/>\n<meta property=\"og:type\" content=\"article\" \/>\n<meta property=\"og:title\" content=\"Berlin &#8211; Bernstein Network Computational Neuroscience\" \/>\n<meta property=\"og:url\" content=\"https:\/\/bernstein-network.de\/en\/network\/bernstein-centers\/berlin\/\" \/>\n<meta property=\"og:site_name\" content=\"Bernstein Network Computational Neuroscience\" \/>\n<meta property=\"article:modified_time\" content=\"2024-12-04T15:27:46+00:00\" \/>\n<meta name=\"twitter:card\" content=\"summary_large_image\" \/>\n<meta name=\"twitter:label1\" content=\"Est. reading time\" \/>\n\t<meta name=\"twitter:data1\" content=\"9 minutes\" \/>\n<script type=\"application\/ld+json\" class=\"yoast-schema-graph\">{\"@context\":\"https:\/\/schema.org\",\"@graph\":[{\"@type\":\"WebPage\",\"@id\":\"https:\/\/bernstein-network.de\/en\/network\/bernstein-centers\/berlin\/\",\"url\":\"https:\/\/bernstein-network.de\/en\/network\/bernstein-centers\/berlin\/\",\"name\":\"Berlin &#8211; Bernstein Network Computational Neuroscience\",\"isPartOf\":{\"@id\":\"https:\/\/bernstein-network.de\/en\/#website\"},\"datePublished\":\"2021-03-02T08:22:07+00:00\",\"dateModified\":\"2024-12-04T15:27:46+00:00\",\"breadcrumb\":{\"@id\":\"https:\/\/bernstein-network.de\/en\/network\/bernstein-centers\/berlin\/#breadcrumb\"},\"inLanguage\":\"en-US\",\"potentialAction\":[{\"@type\":\"ReadAction\",\"target\":[\"https:\/\/bernstein-network.de\/en\/network\/bernstein-centers\/berlin\/\"]}]},{\"@type\":\"BreadcrumbList\",\"@id\":\"https:\/\/bernstein-network.de\/en\/network\/bernstein-centers\/berlin\/#breadcrumb\",\"itemListElement\":[{\"@type\":\"ListItem\",\"position\":1,\"name\":\"Home\",\"item\":\"https:\/\/bernstein-network.de\/en\/home\/\"},{\"@type\":\"ListItem\",\"position\":2,\"name\":\"The Bernstein Network\",\"item\":\"https:\/\/bernstein-network.de\/en\/network\/\"},{\"@type\":\"ListItem\",\"position\":3,\"name\":\"Bernstein Centers\",\"item\":\"https:\/\/bernstein-network.de\/en\/network\/bernstein-centers\/\"},{\"@type\":\"ListItem\",\"position\":4,\"name\":\"Berlin\"}]},{\"@type\":\"WebSite\",\"@id\":\"https:\/\/bernstein-network.de\/en\/#website\",\"url\":\"https:\/\/bernstein-network.de\/en\/\",\"name\":\"Bernstein Network Computational Neuroscience\",\"description\":\"\",\"potentialAction\":[{\"@type\":\"SearchAction\",\"target\":{\"@type\":\"EntryPoint\",\"urlTemplate\":\"https:\/\/bernstein-network.de\/en\/?s={search_term_string}\"},\"query-input\":{\"@type\":\"PropertyValueSpecification\",\"valueRequired\":true,\"valueName\":\"search_term_string\"}}],\"inLanguage\":\"en-US\"}]}<\/script>\n<!-- \/ Yoast SEO plugin. -->","yoast_head_json":{"title":"Berlin &#8211; Bernstein Network Computational Neuroscience","robots":{"index":"index","follow":"follow","max-snippet":"max-snippet:-1","max-image-preview":"max-image-preview:large","max-video-preview":"max-video-preview:-1"},"canonical":"https:\/\/bernstein-network.de\/en\/network\/bernstein-centers\/berlin\/","og_locale":"en_US","og_type":"article","og_title":"Berlin &#8211; Bernstein Network Computational Neuroscience","og_url":"https:\/\/bernstein-network.de\/en\/network\/bernstein-centers\/berlin\/","og_site_name":"Bernstein Network Computational Neuroscience","article_modified_time":"2024-12-04T15:27:46+00:00","twitter_card":"summary_large_image","twitter_misc":{"Est. reading time":"9 minutes"},"schema":{"@context":"https:\/\/schema.org","@graph":[{"@type":"WebPage","@id":"https:\/\/bernstein-network.de\/en\/network\/bernstein-centers\/berlin\/","url":"https:\/\/bernstein-network.de\/en\/network\/bernstein-centers\/berlin\/","name":"Berlin &#8211; Bernstein Network Computational Neuroscience","isPartOf":{"@id":"https:\/\/bernstein-network.de\/en\/#website"},"datePublished":"2021-03-02T08:22:07+00:00","dateModified":"2024-12-04T15:27:46+00:00","breadcrumb":{"@id":"https:\/\/bernstein-network.de\/en\/network\/bernstein-centers\/berlin\/#breadcrumb"},"inLanguage":"en-US","potentialAction":[{"@type":"ReadAction","target":["https:\/\/bernstein-network.de\/en\/network\/bernstein-centers\/berlin\/"]}]},{"@type":"BreadcrumbList","@id":"https:\/\/bernstein-network.de\/en\/network\/bernstein-centers\/berlin\/#breadcrumb","itemListElement":[{"@type":"ListItem","position":1,"name":"Home","item":"https:\/\/bernstein-network.de\/en\/home\/"},{"@type":"ListItem","position":2,"name":"The Bernstein Network","item":"https:\/\/bernstein-network.de\/en\/network\/"},{"@type":"ListItem","position":3,"name":"Bernstein Centers","item":"https:\/\/bernstein-network.de\/en\/network\/bernstein-centers\/"},{"@type":"ListItem","position":4,"name":"Berlin"}]},{"@type":"WebSite","@id":"https:\/\/bernstein-network.de\/en\/#website","url":"https:\/\/bernstein-network.de\/en\/","name":"Bernstein Network Computational Neuroscience","description":"","potentialAction":[{"@type":"SearchAction","target":{"@type":"EntryPoint","urlTemplate":"https:\/\/bernstein-network.de\/en\/?s={search_term_string}"},"query-input":{"@type":"PropertyValueSpecification","valueRequired":true,"valueName":"search_term_string"}}],"inLanguage":"en-US"}]}},"_links":{"self":[{"href":"https:\/\/bernstein-network.de\/en\/wp-json\/wp\/v2\/pages\/5851","targetHints":{"allow":["GET"]}}],"collection":[{"href":"https:\/\/bernstein-network.de\/en\/wp-json\/wp\/v2\/pages"}],"about":[{"href":"https:\/\/bernstein-network.de\/en\/wp-json\/wp\/v2\/types\/page"}],"author":[{"embeddable":true,"href":"https:\/\/bernstein-network.de\/en\/wp-json\/wp\/v2\/users\/1"}],"replies":[{"embeddable":true,"href":"https:\/\/bernstein-network.de\/en\/wp-json\/wp\/v2\/comments?post=5851"}],"version-history":[{"count":21,"href":"https:\/\/bernstein-network.de\/en\/wp-json\/wp\/v2\/pages\/5851\/revisions"}],"predecessor-version":[{"id":31440,"href":"https:\/\/bernstein-network.de\/en\/wp-json\/wp\/v2\/pages\/5851\/revisions\/31440"}],"up":[{"embeddable":true,"href":"https:\/\/bernstein-network.de\/en\/wp-json\/wp\/v2\/pages\/3137"}],"wp:attachment":[{"href":"https:\/\/bernstein-network.de\/en\/wp-json\/wp\/v2\/media?parent=5851"}],"curies":[{"name":"wp","href":"https:\/\/api.w.org\/{rel}","templated":true}]}}